{"id":2,"date":"2016-05-10T03:48:21","date_gmt":"2016-05-10T03:48:21","guid":{"rendered":"http:\/\/fma.silat-stralsund.net\/?page_id=2"},"modified":"2024-10-19T16:16:46","modified_gmt":"2024-10-19T16:16:46","slug":"sample-page","status":"publish","type":"page","link":"http:\/\/fma.silat-stralsund.net\/?page_id=2","title":{"rendered":"Willkommen!"},"content":{"rendered":"<h3>MABUHAY! &#8211; Willkommen!<\/h3>\n<p><strong>FMA Bulkan &amp; Silat Laut<\/strong><\/p>\n<p><span style=\"font-family: Verdana, Arial, Helvetica, sans-serif; font-size: small;\"><b>FMA<\/b> (Filipino Martial Arts) bedeutet<b> Philippinische Kampfk\u00fcnste <\/b>und<b> <\/b>steht f\u00fcr die philippinische Art des K\u00e4mpfens. <b>SILAT\u00a0LAUT<\/b> steht f\u00fcr das Silat \/ Pencak Silat, welches aus Malaysia und Indonesien stammt und eher auf den s\u00fcdlichen Philippinen vorkommt.<br \/>\n<\/span><\/p>\n<p><span style=\"font-family: Verdana, Arial, Helvetica, sans-serif; font-size: small;\">&#8222;Verschiedene Einfl\u00fcsse von philippinischen und internationalen Meistern der FMA &amp; des Silat unterschiedlicher Stile verbunden mit den eigenen Erfahrungen pr\u00e4gen das Training bei FMA Bulkan &amp; Silat Laut. Ich sehe die philippinischen Kampfk\u00fcnste als Ganzes, als System. Durch stetes Lernen und dessen Umsetzung entwickelt sich die Art des Trainings st\u00e4ndig weiter. Es gibt keine Geheimnisse, es gibt nur viel zu entdecken!&#8220;<br \/>\n<\/span><span style=\"font-family: Verdana, Arial, Helvetica, sans-serif; font-size: small;\">Guro Dirk M\u00fcller<\/span><\/p>\n<p><span style=\"font-family: Verdana, Arial, Helvetica, sans-serif; font-size: small;\"><img loading=\"lazy\" decoding=\"async\" class=\"alignnone size-medium wp-image-170\" src=\"http:\/\/fma.silat-stralsund.net\/wp-content\/uploads\/2020\/03\/dm-fma-bulkan-berlin-350-119x300.jpg\" alt=\"\" width=\"119\" height=\"300\" srcset=\"http:\/\/fma.silat-stralsund.net\/wp-content\/uploads\/2020\/03\/dm-fma-bulkan-berlin-350-119x300.jpg 119w, http:\/\/fma.silat-stralsund.net\/wp-content\/uploads\/2020\/03\/dm-fma-bulkan-berlin-350.jpg 139w\" sizes=\"(max-width: 119px) 100vw, 119px\" \/><\/p>\n<p><img loading=\"lazy\" decoding=\"async\" class=\"alignnone size-full wp-image-112\" src=\"http:\/\/fma.silat-stralsund.net\/wp-content\/uploads\/2018\/01\/silat-laut-200.jpg\" alt=\"\" width=\"200\" height=\"228\" \/><br \/>\n<\/span><\/p>\n<p><strong><img loading=\"lazy\" decoding=\"async\" class=\"alignnone size-medium wp-image-122\" src=\"http:\/\/fma.silat-stralsund.net\/wp-content\/uploads\/2018\/01\/intro-phil-warriors-ohne-hg-300x230.jpg\" alt=\"\" width=\"300\" height=\"230\" srcset=\"http:\/\/fma.silat-stralsund.net\/wp-content\/uploads\/2018\/01\/intro-phil-warriors-ohne-hg-300x230.jpg 300w, http:\/\/fma.silat-stralsund.net\/wp-content\/uploads\/2018\/01\/intro-phil-warriors-ohne-hg.jpg 500w\" sizes=\"(max-width: 300px) 100vw, 300px\" \/>\u00a0<\/strong><\/p>\n","protected":false},"excerpt":{"rendered":"<p>MABUHAY! &#8211; Willkommen! FMA Bulkan &amp; Silat Laut FMA (Filipino Martial Arts) bedeutet Philippinische Kampfk\u00fcnste [&hellip;]<\/p>\n","protected":false},"author":1,"featured_media":0,"parent":0,"menu_order":0,"comment_status":"closed","ping_status":"open","template":"","meta":{"footnotes":""},"_links":{"self":[{"href":"http:\/\/fma.silat-stralsund.net\/index.php?rest_route=\/wp\/v2\/pages\/2"}],"collection":[{"href":"http:\/\/fma.silat-stralsund.net\/index.php?rest_route=\/wp\/v2\/pages"}],"about":[{"href":"http:\/\/fma.silat-stralsund.net\/index.php?rest_route=\/wp\/v2\/types\/page"}],"author":[{"embeddable":true,"href":"http:\/\/fma.silat-stralsund.net\/index.php?rest_route=\/wp\/v2\/users\/1"}],"replies":[{"embeddable":true,"href":"http:\/\/fma.silat-stralsund.net\/index.php?rest_route=%2Fwp%2Fv2%2Fcomments&post=2"}],"version-history":[{"count":18,"href":"http:\/\/fma.silat-stralsund.net\/index.php?rest_route=\/wp\/v2\/pages\/2\/revisions"}],"predecessor-version":[{"id":504,"href":"http:\/\/fma.silat-stralsund.net\/index.php?rest_route=\/wp\/v2\/pages\/2\/revisions\/504"}],"wp:attachment":[{"href":"http:\/\/fma.silat-stralsund.net\/index.php?rest_route=%2Fwp%2Fv2%2Fmedia&parent=2"}],"curies":[{"name":"wp","href":"https:\/\/api.w.org\/{rel}","templated":true}]}}