{"id":40,"date":"2018-01-03T03:22:38","date_gmt":"2018-01-03T03:22:38","guid":{"rendered":"http:\/\/fma.silat-stralsund.net\/?page_id=40"},"modified":"2020-03-30T10:18:05","modified_gmt":"2020-03-30T10:18:05","slug":"fma-bulkan","status":"publish","type":"page","link":"http:\/\/fma.silat-stralsund.net\/?page_id=40","title":{"rendered":"FMA Bulkan"},"content":{"rendered":"<p><b><span style=\"font-family: verdana; font-size: medium;\">Filipino Martial Arts<br \/>\n<\/span><span style=\"font-family: verdana; font-size: small;\"><br \/>\n<\/span><\/b><span style=\"font-family: verdana; font-size: small;\"><b>Der Begriff FMA:<\/b><br \/>\nDie Filipino Martial Arts stehen international f\u00fcr die philippinischen Kampfk\u00fcnste.<br \/>\nZu Ihnen geh\u00f6ren die drei Gruppen der Waffenk\u00fcnste:<\/span><\/p>\n<p><span style=\"font-family: verdana; font-size: small;\"><i>Arnis, Kali und Eskrima <\/i><\/span><\/p>\n<p><span style=\"font-family: verdana; font-size: small;\">sowie die waffenlosen Techniken:<\/span><\/p>\n<p><span style=\"font-family: verdana; font-size: small;\"><i>Panuntukan \/ Mano Mano \/ Pamuok <\/i>(Handtechniken inkl. Ellbogentechniken),<br \/>\n<i>Sikaran<\/i> (Treten) und<i> Dumog<\/i> (Ringen).<\/span><\/p>\n<p><span style=\"font-family: verdana; font-size: small;\">Es existieren in den FMA auch Techniken des <i>Silat <\/i>oder<i> Kuntaw Silat<\/i>, die eher im s\u00fcdlichen Raum der Philippinen gelehrt werden. Den Ursprung haben sie im Pencak Silat, einer Kampfkunst, die haupts\u00e4chlich aus Malaysia und Indonesien stammt. Der Angreifer wird oft zu Boden gebracht und mit Tritten, Schl\u00e4gen, Nervendrucktechniken und Hebeln ausgeschaltet.<\/span><\/p>\n<p><span style=\"font-family: verdana; font-size: small;\"><b><img loading=\"lazy\" decoding=\"async\" class=\"alignnone size-full wp-image-72\" src=\"http:\/\/fma.silat-stralsund.net\/wp-content\/uploads\/2018\/01\/logo-fma-bulkan-200.gif\" alt=\"\" width=\"200\" height=\"264\" \/><br \/>\n<\/b><\/span><\/p>\n<p><span style=\"font-family: verdana; font-size: small;\"><strong>FMA Bulkan<\/strong> steht f\u00fcr die Aus\u00fcbung der philippinischen Kampfk\u00fcnste verschiedener Systeme bzw. Stile und bleibt nicht starr sondern wird durch st\u00e4ndiges dazugewonnenes Wissen ver\u00e4ndert.<br \/>\n<\/span><\/p>\n<p><span style=\"font-family: verdana; font-size: small;\">Bulkan ist tagalog und bedeutet \u201eVULKAN\u201c. Der Vulkan steht f\u00fcr das mit dem Boden verbundene, bodenst\u00e4ndige. Egal wie lange man die FMA praktiziert, man sollte nie abheben, nie denken, man k\u00f6nnte schon alles.<br \/>\n<\/span><\/p>\n<p><span style=\"font-family: verdana; font-size: small;\">St\u00e4ndiges Wiederholen und Praktizieren ist die Voraussetzung verteidigungsbereit zu sein und zu bleiben. Dies wird durch die achtstrahlige Sonne \u00fcber dem Vulkan verdeutlicht. Die Flamme bzw. Sonne steht aber auch daf\u00fcr, dass das Lernen nie aufh\u00f6rt. Offenheit gegen\u00fcber anderen FMA-Stilen geh\u00f6rt dazu, seine Kenntnisse zu erweitern und das eigene Wissen und Potential zu hinterfragen.<br \/>\n<\/span><\/p>\n<p><span style=\"font-family: verdana; font-size: small;\">Der Vulkan steht aber auch f\u00fcr die Bereitschaft sofort zu handeln, zu explodieren allerdings erst wenn es nicht mehr anders m\u00f6glich ist. Dann aber mit aller Konsequenz! Hauptinhalt des Trainings sind deshalb die Kampfkunstbewegungen und -techniken sowie die Selbstverteidigung. F\u00fcr Wettk\u00e4mpfe wird nicht ge\u00fcbt, da es im Kampfverhalten nicht zu Reglementierungen kommen soll.<\/span><\/p>\n<p><strong>Trainiert werden bei FMA BULKAN folgende philippinischen Kampfk\u00fcnste (FMA):<\/strong><\/p>\n<table class=\"dsR1\" border=\"0\" cellspacing=\"2\" cellpadding=\"0\">\n<tbody>\n<tr>\n<td class=\"dsR2\"><img loading=\"lazy\" decoding=\"async\" src=\"http:\/\/bulkan.fma-berlin.de\/images\/point-red.gif\" alt=\"\" width=\"5\" height=\"5\" border=\"0\" \/><\/td>\n<td>Einzelstock (Solo Baston)<br \/>\nDoppelstock (Double Baston)<\/td>\n<td><\/td>\n<\/tr>\n<tr>\n<td class=\"dsR2\"><\/td>\n<td><\/td>\n<td><\/td>\n<\/tr>\n<tr>\n<td class=\"dsR2\"><img loading=\"lazy\" decoding=\"async\" src=\"http:\/\/bulkan.fma-berlin.de\/images\/point-red.gif\" alt=\"\" width=\"5\" height=\"5\" border=\"0\" \/><\/td>\n<td>Messer\/Dolch (Solo Daga)<br \/>\nzwei Messer\/Dolche (Double Daga)<\/td>\n<td><\/td>\n<\/tr>\n<tr>\n<td class=\"dsR2\"><\/td>\n<td><\/td>\n<td><\/td>\n<\/tr>\n<tr>\n<td class=\"dsR2\"><img loading=\"lazy\" decoding=\"async\" src=\"http:\/\/bulkan.fma-berlin.de\/images\/point-red.gif\" alt=\"\" width=\"5\" height=\"5\" border=\"0\" \/><\/td>\n<td>Schwert (Espada)<br \/>\nzwei Schwerter (Double Espada)<\/td>\n<td><\/td>\n<\/tr>\n<tr>\n<td class=\"dsR2\"><\/td>\n<td><\/td>\n<td><\/td>\n<\/tr>\n<tr>\n<td class=\"dsR2\"><img loading=\"lazy\" decoding=\"async\" src=\"http:\/\/bulkan.fma-berlin.de\/images\/point-red.gif\" alt=\"\" width=\"5\" height=\"5\" border=\"0\" \/><\/td>\n<td>Schwert und Dolch (Espada y Daga)<\/td>\n<td><\/td>\n<\/tr>\n<tr>\n<td class=\"dsR2\"><\/td>\n<td><\/td>\n<td><\/td>\n<\/tr>\n<tr>\n<td class=\"dsR2\"><img loading=\"lazy\" decoding=\"async\" src=\"http:\/\/bulkan.fma-berlin.de\/images\/point-red.gif\" alt=\"\" width=\"5\" height=\"5\" border=\"0\" \/><\/td>\n<td>Stock und Dolch (Solo Baston y Daga)<\/td>\n<td><\/td>\n<\/tr>\n<tr>\n<td class=\"dsR2\"><\/td>\n<td><\/td>\n<td><\/td>\n<\/tr>\n<tr>\n<td class=\"dsR2\"><img loading=\"lazy\" decoding=\"async\" src=\"http:\/\/bulkan.fma-berlin.de\/images\/point-red.gif\" alt=\"\" width=\"5\" height=\"5\" border=\"0\" \/><\/td>\n<td>Speer (Sibat), Langstock (Bangkaw)<\/td>\n<td><\/td>\n<\/tr>\n<tr>\n<td class=\"dsR2\"><\/td>\n<td><\/td>\n<td><\/td>\n<\/tr>\n<tr>\n<td class=\"dsR2\"><img loading=\"lazy\" decoding=\"async\" src=\"http:\/\/bulkan.fma-berlin.de\/images\/point-red.gif\" alt=\"\" width=\"5\" height=\"5\" border=\"0\" \/><\/td>\n<td>Fauststock (Dulo Dulo)<\/td>\n<td><\/td>\n<\/tr>\n<tr>\n<td class=\"dsR2\"><\/td>\n<td><\/td>\n<td><\/td>\n<\/tr>\n<tr>\n<td class=\"dsR2\"><img loading=\"lazy\" decoding=\"async\" src=\"http:\/\/bulkan.fma-berlin.de\/images\/point-red.gif\" alt=\"\" width=\"5\" height=\"5\" border=\"0\" \/><\/td>\n<td>Tigerklaue (Karambit)<\/td>\n<td><\/td>\n<\/tr>\n<tr>\n<td class=\"dsR2\"><\/td>\n<td><\/td>\n<td><\/td>\n<\/tr>\n<tr>\n<td class=\"dsR2\"><img loading=\"lazy\" decoding=\"async\" src=\"http:\/\/bulkan.fma-berlin.de\/images\/point-red.gif\" alt=\"\" width=\"5\" height=\"5\" border=\"0\" \/><\/td>\n<td>traditionelles phil.Boxen (Panuntukan\/Suntukan)<\/td>\n<td><\/td>\n<\/tr>\n<tr>\n<td class=\"dsR2\"><\/td>\n<td><\/td>\n<td><\/td>\n<\/tr>\n<tr>\n<td class=\"dsR2\"><img loading=\"lazy\" decoding=\"async\" src=\"http:\/\/bulkan.fma-berlin.de\/images\/point-red.gif\" alt=\"\" width=\"5\" height=\"5\" border=\"0\" \/><\/td>\n<td>Tritt-Techniken (Sikaran\/Pananjakman)<\/td>\n<td><\/td>\n<\/tr>\n<tr>\n<td class=\"dsR2\"><\/td>\n<td><\/td>\n<td><\/td>\n<\/tr>\n<tr>\n<td class=\"dsR2\"><img loading=\"lazy\" decoding=\"async\" src=\"http:\/\/bulkan.fma-berlin.de\/images\/point-red.gif\" alt=\"\" width=\"5\" height=\"5\" border=\"0\" \/><\/td>\n<td>Ringen, Kunst des Festhaltens (Dumog)<\/td>\n<td><\/td>\n<\/tr>\n<\/tbody>\n<\/table>\n<p>In den FMA gibt es noch den Umgang mit folgenden traditionellen Waffen, die aber nicht bei FMA\u00a0Bulkan gelehrt werden:<\/p>\n<p>&#8211; Peitsche (Latiko)<br \/>\n&#8211; Bogen (Pana)<br \/>\n&#8211; Jojo<br \/>\n&#8211; Streitaxt<br \/>\n&#8211; Schild<br \/>\n&#8211; Blasrohr<br \/>\n&#8211; Ring (Dikin)<br \/>\n&#8211; philippinisches Tonfa (Hawakan)<br \/>\n&#8211; Nunchaku (Tabak Toyok)<br \/>\n&#8211; Schmetterlingsmesser (Balisong)<\/p>\n<p>mehr Informationen unter Quelle: <a href=\"http:\/\/de.wikipedia.org\/wiki\/Filipino_Martial_Arts\" target=\"_blank\" rel=\"noopener noreferrer\">http:\/\/de.wikipedia.org\/wiki\/Filipino_Martial_Arts,<\/a> 29.03.2011, 21:00Uhr<\/p>\n<p><b>Begriffe in den FMA:<\/b><\/p>\n<p>Die Sch\u00fclergrade nennen sich Klasen.<br \/>\nDie Meistergrade hei\u00dfen Antas. Ein m\u00e4nnlicher Tr\u00e4ger des Meistergrades Lakan, ein weiblicher Tr\u00e4ger des Meistergrades Dayang.<\/p>\n<p>Meister= Guro<br \/>\nGro\u00dfmeister = Punong Guro<\/p>\n<p>Tagapagsanay = Trainer<br \/>\nTagapagturo = Instructor<\/p>\n<p><span style=\"font-family: verdana; font-size: small;\">\u00a0<\/span><\/p>\n<p><img loading=\"lazy\" decoding=\"async\" class=\"alignnone size-full wp-image-82\" src=\"http:\/\/fma.silat-stralsund.net\/wp-content\/uploads\/2018\/01\/cp-dm-2011-200.jpg\" alt=\"\" width=\"200\" height=\"199\" srcset=\"http:\/\/fma.silat-stralsund.net\/wp-content\/uploads\/2018\/01\/cp-dm-2011-200.jpg 200w, http:\/\/fma.silat-stralsund.net\/wp-content\/uploads\/2018\/01\/cp-dm-2011-200-150x150.jpg 150w, http:\/\/fma.silat-stralsund.net\/wp-content\/uploads\/2018\/01\/cp-dm-2011-200-75x75.jpg 75w\" sizes=\"(max-width: 200px) 100vw, 200px\" \/> <img loading=\"lazy\" decoding=\"async\" class=\"alignnone size-medium wp-image-83\" src=\"http:\/\/fma.silat-stralsund.net\/wp-content\/uploads\/2018\/01\/fma-camp-phil-2013-33-200.jpg\" alt=\"\" width=\"200\" height=\"144\" \/> <img loading=\"lazy\" decoding=\"async\" class=\"alignnone size-medium wp-image-84\" src=\"http:\/\/fma.silat-stralsund.net\/wp-content\/uploads\/2018\/01\/fma-camp-phil-2013-37-200.jpg\" alt=\"\" width=\"200\" height=\"241\" \/> <img loading=\"lazy\" decoding=\"async\" class=\"alignnone size-medium wp-image-85\" src=\"http:\/\/fma.silat-stralsund.net\/wp-content\/uploads\/2018\/01\/GM-E.A.Presas-Sr.-200.jpg\" alt=\"\" width=\"200\" height=\"227\" \/><img loading=\"lazy\" decoding=\"async\" class=\"alignnone size-full wp-image-86\" src=\"http:\/\/fma.silat-stralsund.net\/wp-content\/uploads\/2018\/01\/jb-dm-2013-200.jpg\" alt=\"\" width=\"200\" height=\"168\" \/> <img loading=\"lazy\" decoding=\"async\" class=\"alignnone size-medium wp-image-87\" src=\"http:\/\/fma.silat-stralsund.net\/wp-content\/uploads\/2018\/01\/lapu-lapu-2013-1-189x300.jpg\" alt=\"\" width=\"189\" height=\"300\" \/><\/p>\n","protected":false},"excerpt":{"rendered":"<p>Filipino Martial Arts Der Begriff FMA: Die Filipino Martial Arts stehen international f\u00fcr die philippinischen [&hellip;]<\/p>\n","protected":false},"author":1,"featured_media":13,"parent":0,"menu_order":0,"comment_status":"closed","ping_status":"closed","template":"","meta":{"footnotes":""},"_links":{"self":[{"href":"http:\/\/fma.silat-stralsund.net\/index.php?rest_route=\/wp\/v2\/pages\/40"}],"collection":[{"href":"http:\/\/fma.silat-stralsund.net\/index.php?rest_route=\/wp\/v2\/pages"}],"about":[{"href":"http:\/\/fma.silat-stralsund.net\/index.php?rest_route=\/wp\/v2\/types\/page"}],"author":[{"embeddable":true,"href":"http:\/\/fma.silat-stralsund.net\/index.php?rest_route=\/wp\/v2\/users\/1"}],"replies":[{"embeddable":true,"href":"http:\/\/fma.silat-stralsund.net\/index.php?rest_route=%2Fwp%2Fv2%2Fcomments&post=40"}],"version-history":[{"count":12,"href":"http:\/\/fma.silat-stralsund.net\/index.php?rest_route=\/wp\/v2\/pages\/40\/revisions"}],"predecessor-version":[{"id":309,"href":"http:\/\/fma.silat-stralsund.net\/index.php?rest_route=\/wp\/v2\/pages\/40\/revisions\/309"}],"wp:featuredmedia":[{"embeddable":true,"href":"http:\/\/fma.silat-stralsund.net\/index.php?rest_route=\/wp\/v2\/media\/13"}],"wp:attachment":[{"href":"http:\/\/fma.silat-stralsund.net\/index.php?rest_route=%2Fwp%2Fv2%2Fmedia&parent=40"}],"curies":[{"name":"wp","href":"https:\/\/api.w.org\/{rel}","templated":true}]}}