{"id":43,"date":"2018-01-03T03:23:29","date_gmt":"2018-01-03T03:23:29","guid":{"rendered":"http:\/\/fma.silat-stralsund.net\/?page_id=43"},"modified":"2021-01-14T20:03:04","modified_gmt":"2021-01-14T20:03:04","slug":"silat-laut","status":"publish","type":"page","link":"http:\/\/fma.silat-stralsund.net\/?page_id=43","title":{"rendered":"Silat Laut"},"content":{"rendered":"<p><b><span style=\"font-family: verdana; font-size: medium;\">Silat \/Pencak Silat<br \/>\n<\/span><span style=\"font-family: verdana; font-size: small;\"><br \/>\n<\/span><\/b><span style=\"font-family: verdana; font-size: small;\"><b>Der Begriff Silat:<\/b><br \/>\n<\/span><\/p>\n<div align=\"left\">\n<p><span style=\"font-family: verdana; font-size: small;\">SILAT (PENCAK SILAT) ist eine alte Kampfkunst, die urspr\u00fcnglich in Malaysia und Indonesien entstanden, aber auch in Brunei, in Singapur und im S\u00fcden der Philippinen zu finden ist.<br \/>\n<\/span><\/p>\n<p><span style=\"font-family: verdana; font-size: small;\">Der Begriff PENCAK SILAT ist eine Kombination aus dem javanischen Begriff PENCAK und dem von sumatraischen Begriff SILAT. PENCAK SILAT bedeutet demnach kunstvolles K\u00e4mpfen. Silat wird auch im malaiischen als Tanz \u00fcbersetzt aber auch als Sammlung an Kampfk\u00fcnsten gesehen.<br \/>\n<\/span><span style=\"font-family: verdana; font-size: small;\">Es gibt hunderte von Silat-Stilen. Viele sind in den gro\u00dfen Verb\u00e4nden in Malaysia, Indonesien und den Philippinen organisiert.<br \/>\n<\/span><\/p>\n<\/div>\n<p><span style=\"font-family: verdana; font-size: small;\">Die Techniken des <i>Silat <\/i>oder<i> Kuntaw\/Kuntao Silat<\/i> werden eher im s\u00fcdlichen Raum der Philippinen gelehrt werden. Den Ursprung haben sie im Pencak Silat, einer Kampfkunst, die haupts\u00e4chlich aus Malaysia und Indonesien stammt. Der Angreifer wird oft zu Boden gebracht und mit Tritten, Schl\u00e4gen, Nervendrucktechniken und Hebeln ausgeschaltet. <\/span><\/p>\n<p><img loading=\"lazy\" decoding=\"async\" class=\"alignnone size-full wp-image-71\" src=\"http:\/\/fma.silat-stralsund.net\/wp-content\/uploads\/2018\/01\/logo-sl-01-original-264.gif\" alt=\"\" width=\"268\" height=\"264\" \/> <span style=\"font-family: verdana; font-size: small;\"><b><br \/>\n<\/b><\/span><\/p>\n<p><span style=\"font-family: verdana; font-size: small;\"><strong>Silat Laut<\/strong> steht f\u00fcr die Aus\u00fcbung der Kampfk\u00fcnste verschiedener malayischer, indonesischer und philippinischer Systeme bzw. Stile und bleibt nicht starr sondern wird durch st\u00e4ndiges dazugewonnenes Wissen ver\u00e4ndert. Hauptinhalt des Trainings sind die Kampfkunstbewegungen und -techniken sowie die Selbstverteidigung. Wettkampftraining findet nicht statt, Jurus (Formen) werden teilweise ge\u00fcbt.<br \/>\n<\/span><\/p>\n<p><span style=\"font-family: verdana; font-size: small;\">LAUT ist malaiisch, indonesisch und auch tagalog, es steht f\u00fcr das Meer.<br \/>\n<\/span><span style=\"font-family: verdana; font-size: small;\">Das Meer verbindet alle diese Regionen und steht f\u00fcr das Flie\u00dfende, sich vermischende in den Kampfk\u00fcnsten.<br \/>\n<\/span><\/p>\n<p><span style=\"font-family: verdana; font-size: small;\">Offenheit gegen\u00fcber anderen Silat-Stilen geh\u00f6rt dazu, seine Kenntnisse zu erweitern und das eigene Wissen und Potential zu hinterfragen.<br \/>\n<\/span><span style=\"font-family: verdana; font-size: small;\"><img loading=\"lazy\" decoding=\"async\" class=\"alignnone size-full wp-image-89\" src=\"http:\/\/fma.silat-stralsund.net\/wp-content\/uploads\/2018\/01\/ad-lk-02-200.jpg\" alt=\"\" width=\"200\" height=\"155\" \/>\u00a0\u00a0\u00a0\u00a0\u00a0\u00a0\u00a0\u00a0\u00a0 <img loading=\"lazy\" decoding=\"async\" class=\"alignnone size-medium wp-image-110\" src=\"http:\/\/fma.silat-stralsund.net\/wp-content\/uploads\/2018\/01\/sem-bk-2012-04-200.jpg\" alt=\"\" width=\"200\" height=\"154\" \/>\u00a0\u00a0 <img loading=\"lazy\" decoding=\"async\" class=\"alignnone size-medium wp-image-113\" src=\"http:\/\/fma.silat-stralsund.net\/wp-content\/uploads\/2018\/01\/silat-lk-02-200.jpg\" alt=\"\" width=\"200\" height=\"208\" \/> <img loading=\"lazy\" decoding=\"async\" class=\"alignnone size-medium wp-image-114\" src=\"http:\/\/fma.silat-stralsund.net\/wp-content\/uploads\/2018\/01\/silat-lk-200.jpg\" alt=\"\" width=\"200\" height=\"208\" \/> <img loading=\"lazy\" decoding=\"async\" class=\"alignnone size-medium wp-image-115\" src=\"http:\/\/fma.silat-stralsund.net\/wp-content\/uploads\/2018\/01\/silat-LK-2015-200.jpg\" alt=\"\" width=\"200\" height=\"236\" \/><\/span><span style=\"font-family: verdana; font-size: small;\"><img loading=\"lazy\" decoding=\"async\" class=\"alignnone size-medium wp-image-111\" src=\"http:\/\/fma.silat-stralsund.net\/wp-content\/uploads\/2018\/01\/silat-laut-02-200.jpg\" alt=\"\" width=\"200\" height=\"197\" srcset=\"http:\/\/fma.silat-stralsund.net\/wp-content\/uploads\/2018\/01\/silat-laut-02-200.jpg 200w, http:\/\/fma.silat-stralsund.net\/wp-content\/uploads\/2018\/01\/silat-laut-02-200-75x75.jpg 75w\" sizes=\"(max-width: 200px) 100vw, 200px\" \/><\/span><span style=\"font-family: verdana; font-size: small;\"><img loading=\"lazy\" decoding=\"async\" class=\"alignnone size-medium wp-image-109\" src=\"http:\/\/fma.silat-stralsund.net\/wp-content\/uploads\/2018\/01\/SBL-Seminar-Berlin-2016-350-207x300.jpg\" alt=\"\" width=\"207\" height=\"300\" srcset=\"http:\/\/fma.silat-stralsund.net\/wp-content\/uploads\/2018\/01\/SBL-Seminar-Berlin-2016-350-207x300.jpg 207w, http:\/\/fma.silat-stralsund.net\/wp-content\/uploads\/2018\/01\/SBL-Seminar-Berlin-2016-350.jpg 241w\" sizes=\"(max-width: 207px) 100vw, 207px\" \/><\/span><span style=\"font-family: verdana; font-size: small;\"><img loading=\"lazy\" decoding=\"async\" class=\"alignnone size-medium wp-image-112\" src=\"http:\/\/fma.silat-stralsund.net\/wp-content\/uploads\/2018\/01\/silat-laut-200.jpg\" alt=\"\" width=\"200\" height=\"228\" \/><br \/>\n<\/span><\/p>\n<div align=\"left\">\n<div align=\"left\">\n<p><strong>Trainiert werden bei SILAT\u00a0LAUT\u00a0 folgende Kampfk\u00fcnste:<\/strong><\/p>\n<\/div>\n<\/div>\n<table class=\"dsR1\" border=\"0\" cellspacing=\"2\" cellpadding=\"0\">\n<tbody>\n<tr>\n<td class=\"dsR2\"><\/td>\n<td><\/td>\n<td><\/td>\n<\/tr>\n<tr>\n<td class=\"\"><\/td>\n<td><\/td>\n<td><\/td>\n<\/tr>\n<tr>\n<td class=\"dsR2\"><img loading=\"lazy\" decoding=\"async\" src=\"http:\/\/bulkan.fma-berlin.de\/images\/point-red.gif\" alt=\"\" width=\"5\" height=\"5\" border=\"0\" \/><\/td>\n<td>Messer\/Dolch (Solo Keris)<br \/>\nzwei Messer\/Dolche (Keris Dua)<\/td>\n<td><\/td>\n<\/tr>\n<tr>\n<td class=\"dsR2\"><\/td>\n<td><\/td>\n<td><\/td>\n<\/tr>\n<tr>\n<td class=\"dsR2\"><img loading=\"lazy\" decoding=\"async\" src=\"http:\/\/bulkan.fma-berlin.de\/images\/point-red.gif\" alt=\"\" width=\"5\" height=\"5\" border=\"0\" \/><\/td>\n<td>Schwert (Golok)<br \/>\nzwei Schwerter (Golok Dua)<\/td>\n<td><\/td>\n<\/tr>\n<tr>\n<td class=\"dsR2\"><\/td>\n<td><\/td>\n<td><\/td>\n<\/tr>\n<tr>\n<td class=\"dsR2\"><img loading=\"lazy\" decoding=\"async\" src=\"http:\/\/bulkan.fma-berlin.de\/images\/point-red.gif\" alt=\"\" width=\"5\" height=\"5\" border=\"0\" \/><\/td>\n<td>Schwert und Dolch (Golok und Keris)<\/td>\n<td><\/td>\n<\/tr>\n<tr>\n<td class=\"\"><\/td>\n<td><\/td>\n<td><\/td>\n<\/tr>\n<tr>\n<td class=\"dsR2\"><img loading=\"lazy\" decoding=\"async\" src=\"http:\/\/bulkan.fma-berlin.de\/images\/point-red.gif\" alt=\"\" width=\"5\" height=\"5\" border=\"0\" \/><\/td>\n<td>Tigerklaue (Kerambit)<\/td>\n<td><\/td>\n<\/tr>\n<tr>\n<td class=\"dsR2\"><\/td>\n<td><\/td>\n<td><\/td>\n<\/tr>\n<tr>\n<td class=\"dsR2\"><img loading=\"lazy\" decoding=\"async\" src=\"http:\/\/bulkan.fma-berlin.de\/images\/point-red.gif\" alt=\"\" width=\"5\" height=\"5\" border=\"0\" \/><\/td>\n<td>Hand-und Ellenbogentechniken<\/td>\n<td><\/td>\n<\/tr>\n<tr>\n<td class=\"dsR2\"><\/td>\n<td><\/td>\n<td><\/td>\n<\/tr>\n<tr>\n<td class=\"dsR2\"><img loading=\"lazy\" decoding=\"async\" src=\"http:\/\/bulkan.fma-berlin.de\/images\/point-red.gif\" alt=\"\" width=\"5\" height=\"5\" border=\"0\" \/><\/td>\n<td>Tritt-Techniken<\/td>\n<td><\/td>\n<\/tr>\n<tr>\n<td class=\"dsR2\"><\/td>\n<td><\/td>\n<td><\/td>\n<\/tr>\n<tr>\n<td class=\"dsR2\"><img loading=\"lazy\" decoding=\"async\" src=\"http:\/\/bulkan.fma-berlin.de\/images\/point-red.gif\" alt=\"\" width=\"5\" height=\"5\" border=\"0\" \/><\/td>\n<td>Hebeln, zu Boden bringen<\/td>\n<td><\/td>\n<\/tr>\n<tr>\n<td class=\"dsR2\"><\/td>\n<td><\/td>\n<td><\/td>\n<\/tr>\n<tr>\n<td class=\"dsR2\"><\/td>\n<td><\/td>\n<td><\/td>\n<\/tr>\n<\/tbody>\n<\/table>\n<p>Im Silat gibt es noch den Umgang mit anderen traditionellen Waffen, die aber nicht bei Silat Laut gelehrt werden:<\/p>\n<p>&#8211; Sai (spezielle Gabelwaffe)<br \/>\n&#8211; Celurit (Sichel)<\/p>\n<p>mehr Informationen unter Quelle:<a href=\"https:\/\/de.wikipedia.org\/wiki\/Silat,\" target=\"_blank\" rel=\"noopener noreferrer\">https:\/\/de.wikipedia.org\/wiki\/Silat,<\/a> 6.08.2015, 21:00Uhr<\/p>\n<p><b>Begriffe im Silat:<\/b><\/p>\n<p>Pendekar = Meister<br \/>\nGuro = Lehrer<br \/>\nPesilat = Person, die Pencak Silat betreibt<\/p>\n<hr noshade=\"noshade\" \/>\n<p><span style=\"font-family: verdana; font-size: small;\">\u00a0<\/span><\/p>\n","protected":false},"excerpt":{"rendered":"<p>Silat \/Pencak Silat Der Begriff Silat: SILAT (PENCAK SILAT) ist eine alte Kampfkunst, die urspr\u00fcnglich [&hellip;]<\/p>\n","protected":false},"author":1,"featured_media":0,"parent":0,"menu_order":0,"comment_status":"closed","ping_status":"closed","template":"","meta":{"footnotes":""},"_links":{"self":[{"href":"http:\/\/fma.silat-stralsund.net\/index.php?rest_route=\/wp\/v2\/pages\/43"}],"collection":[{"href":"http:\/\/fma.silat-stralsund.net\/index.php?rest_route=\/wp\/v2\/pages"}],"about":[{"href":"http:\/\/fma.silat-stralsund.net\/index.php?rest_route=\/wp\/v2\/types\/page"}],"author":[{"embeddable":true,"href":"http:\/\/fma.silat-stralsund.net\/index.php?rest_route=\/wp\/v2\/users\/1"}],"replies":[{"embeddable":true,"href":"http:\/\/fma.silat-stralsund.net\/index.php?rest_route=%2Fwp%2Fv2%2Fcomments&post=43"}],"version-history":[{"count":8,"href":"http:\/\/fma.silat-stralsund.net\/index.php?rest_route=\/wp\/v2\/pages\/43\/revisions"}],"predecessor-version":[{"id":376,"href":"http:\/\/fma.silat-stralsund.net\/index.php?rest_route=\/wp\/v2\/pages\/43\/revisions\/376"}],"wp:attachment":[{"href":"http:\/\/fma.silat-stralsund.net\/index.php?rest_route=%2Fwp%2Fv2%2Fmedia&parent=43"}],"curies":[{"name":"wp","href":"https:\/\/api.w.org\/{rel}","templated":true}]}}